{"id":31156,"date":"2022-01-03T14:41:42","date_gmt":"2022-01-03T13:41:42","guid":{"rendered":"https:\/\/mobefo.com\/politique-de-cookies-eu\/"},"modified":"2022-01-03T14:41:42","modified_gmt":"2022-01-03T13:41:42","slug":"cookie-policy-eu","status":"publish","type":"page","link":"https:\/\/mobefo.com\/de\/cookie-policy-eu\/","title":{"rendered":"Cookie-Richtlinie (EU)"},"content":{"rendered":"","protected":false},"excerpt":{"rendered":"","protected":false},"author":1,"featured_media":0,"parent":0,"menu_order":0,"comment_status":"closed","ping_status":"closed","template":"","meta":{"_et_pb_use_builder":"","_et_pb_old_content":"","_et_gb_content_width":"","footnotes":""},"class_list":["post-31156","page","type-page","status-publish","hentry"],"yoast_head":"<!-- This site is optimized with the Yoast SEO Premium plugin v26.0 (Yoast SEO v27.5) - https:\/\/yoast.com\/product\/yoast-seo-premium-wordpress\/ -->\n<title>Politique de cookies (EU) - Mobefo - Experience your life.<\/title>\n<meta name=\"robots\" content=\"index, follow, max-snippet:-1, max-image-preview:large, max-video-preview:-1\" \/>\n<link rel=\"canonical\" href=\"https:\/\/mobefo.com\/de\/cookie-policy-eu\/\" \/>\n<meta property=\"og:locale\" content=\"de_DE\" \/>\n<meta property=\"og:type\" content=\"article\" \/>\n<meta property=\"og:title\" content=\"Politique de cookies (EU)\" \/>\n<meta property=\"og:url\" content=\"https:\/\/mobefo.com\/de\/cookie-policy-eu\/\" \/>\n<meta property=\"og:site_name\" content=\"Mobefo - Experience your life.\" \/>\n<meta property=\"article:publisher\" content=\"https:\/\/www.facebook.com\/mobefocom\/\" \/>\n<meta property=\"og:image\" content=\"https:\/\/mobefo.com\/wp-content\/uploads\/2020\/07\/MOBEFO-09.png\" \/>\n\t<meta property=\"og:image:width\" content=\"2238\" \/>\n\t<meta property=\"og:image:height\" content=\"658\" \/>\n\t<meta property=\"og:image:type\" content=\"image\/png\" \/>\n<script type=\"application\/ld+json\" class=\"yoast-schema-graph\">{\"@context\":\"https:\\\/\\\/schema.org\",\"@graph\":[{\"@type\":\"WebPage\",\"@id\":\"https:\\\/\\\/mobefo.com\\\/politique-de-cookies-eu\\\/\",\"url\":\"https:\\\/\\\/mobefo.com\\\/politique-de-cookies-eu\\\/\",\"name\":\"Politique de cookies (EU) - Mobefo - Experience your life.\",\"isPartOf\":{\"@id\":\"https:\\\/\\\/mobefo.com\\\/#website\"},\"datePublished\":\"2022-01-03T13:41:42+00:00\",\"breadcrumb\":{\"@id\":\"https:\\\/\\\/mobefo.com\\\/politique-de-cookies-eu\\\/#breadcrumb\"},\"inLanguage\":\"de\",\"potentialAction\":[{\"@type\":\"ReadAction\",\"target\":[\"https:\\\/\\\/mobefo.com\\\/politique-de-cookies-eu\\\/\"]}]},{\"@type\":\"BreadcrumbList\",\"@id\":\"https:\\\/\\\/mobefo.com\\\/politique-de-cookies-eu\\\/#breadcrumb\",\"itemListElement\":[{\"@type\":\"ListItem\",\"position\":1,\"name\":\"Home\",\"item\":\"https:\\\/\\\/mobefo.com\\\/\"},{\"@type\":\"ListItem\",\"position\":2,\"name\":\"Politique de cookies (EU)\"}]},{\"@type\":\"WebSite\",\"@id\":\"https:\\\/\\\/mobefo.com\\\/#website\",\"url\":\"https:\\\/\\\/mobefo.com\\\/\",\"name\":\"Mobefo - Experience your life.\",\"description\":\"Cr\u00e9ateur d\u2019exp\u00e9riences. Constructeur et sp\u00e9cialiste en mobilit\u00e9 \u00e9lectrique.\",\"publisher\":{\"@id\":\"https:\\\/\\\/mobefo.com\\\/#organization\"},\"potentialAction\":[{\"@type\":\"SearchAction\",\"target\":{\"@type\":\"EntryPoint\",\"urlTemplate\":\"https:\\\/\\\/mobefo.com\\\/?s={search_term_string}\"},\"query-input\":{\"@type\":\"PropertyValueSpecification\",\"valueRequired\":true,\"valueName\":\"search_term_string\"}}],\"inLanguage\":\"de\"},{\"@type\":\"Organization\",\"@id\":\"https:\\\/\\\/mobefo.com\\\/#organization\",\"name\":\"Mobefo - Kit Ebike\",\"url\":\"https:\\\/\\\/mobefo.com\\\/\",\"logo\":{\"@type\":\"ImageObject\",\"inLanguage\":\"de\",\"@id\":\"https:\\\/\\\/mobefo.com\\\/#\\\/schema\\\/logo\\\/image\\\/\",\"url\":\"https:\\\/\\\/mobefo.com\\\/wp-content\\\/uploads\\\/2020\\\/07\\\/MOBEFO-09.png\",\"contentUrl\":\"https:\\\/\\\/mobefo.com\\\/wp-content\\\/uploads\\\/2020\\\/07\\\/MOBEFO-09.png\",\"width\":2238,\"height\":658,\"caption\":\"Mobefo - Kit Ebike\"},\"image\":{\"@id\":\"https:\\\/\\\/mobefo.com\\\/#\\\/schema\\\/logo\\\/image\\\/\"},\"sameAs\":[\"https:\\\/\\\/www.facebook.com\\\/mobefocom\\\/\",\"https:\\\/\\\/x.com\\\/mobefo1\"],\"description\":\"We are selling high performance ebike with a low cost and offering people to convert their bike to an ebike.\"}]}<\/script>\n<!-- \/ Yoast SEO Premium plugin. -->","yoast_head_json":{"title":"Cookie-Richtlinie (EU) - Mobefo - Experience your life.","robots":{"index":"index","follow":"follow","max-snippet":"max-snippet:-1","max-image-preview":"max-image-preview:large","max-video-preview":"max-video-preview:-1"},"canonical":"https:\/\/mobefo.com\/de\/cookie-policy-eu\/","og_locale":"de_DE","og_type":"article","og_title":"Politique de cookies (EU)","og_url":"https:\/\/mobefo.com\/de\/cookie-policy-eu\/","og_site_name":"Mobefo - Experience your life.","article_publisher":"https:\/\/www.facebook.com\/mobefocom\/","og_image":[{"width":2238,"height":658,"url":"https:\/\/mobefo.com\/wp-content\/uploads\/2020\/07\/MOBEFO-09.png","type":"image\/png"}],"schema":{"@context":"https:\/\/schema.org","@graph":[{"@type":"WebPage","@id":"https:\/\/mobefo.com\/politique-de-cookies-eu\/","url":"https:\/\/mobefo.com\/politique-de-cookies-eu\/","name":"Cookie-Richtlinie (EU) - Mobefo - Experience your life.","isPartOf":{"@id":"https:\/\/mobefo.com\/#website"},"datePublished":"2022-01-03T13:41:42+00:00","breadcrumb":{"@id":"https:\/\/mobefo.com\/politique-de-cookies-eu\/#breadcrumb"},"inLanguage":"de","potentialAction":[{"@type":"ReadAction","target":["https:\/\/mobefo.com\/politique-de-cookies-eu\/"]}]},{"@type":"BreadcrumbList","@id":"https:\/\/mobefo.com\/politique-de-cookies-eu\/#breadcrumb","itemListElement":[{"@type":"ListItem","position":1,"name":"Home","item":"https:\/\/mobefo.com\/"},{"@type":"ListItem","position":2,"name":"Politique de cookies (EU)"}]},{"@type":"WebSite","@id":"https:\/\/mobefo.com\/#website","url":"https:\/\/mobefo.com\/","name":"Mobefo - Experience your life.","description":"Sch\u00f6pfer von Erfahrungen. Hersteller und Spezialist f\u00fcr Elektromobilit\u00e4t.","publisher":{"@id":"https:\/\/mobefo.com\/#organization"},"potentialAction":[{"@type":"SearchAction","target":{"@type":"EntryPoint","urlTemplate":"https:\/\/mobefo.com\/?s={search_term_string}"},"query-input":{"@type":"PropertyValueSpecification","valueRequired":true,"valueName":"search_term_string"}}],"inLanguage":"de"},{"@type":"Organization","@id":"https:\/\/mobefo.com\/#organization","name":"Mobefo - Ebike-Kit","url":"https:\/\/mobefo.com\/","logo":{"@type":"ImageObject","inLanguage":"de","@id":"https:\/\/mobefo.com\/#\/schema\/logo\/image\/","url":"https:\/\/mobefo.com\/wp-content\/uploads\/2020\/07\/MOBEFO-09.png","contentUrl":"https:\/\/mobefo.com\/wp-content\/uploads\/2020\/07\/MOBEFO-09.png","width":2238,"height":658,"caption":"Mobefo - Kit Ebike"},"image":{"@id":"https:\/\/mobefo.com\/#\/schema\/logo\/image\/"},"sameAs":["https:\/\/www.facebook.com\/mobefocom\/","https:\/\/x.com\/mobefo1"],"description":"Wir verkaufen Hochleistungs-E-Bikes zu einem niedrigen Preis und bieten Menschen die M\u00f6glichkeit, ihr Fahrrad auf ein E-Bike umzur\u00fcsten."}]}},"_links":{"self":[{"href":"https:\/\/mobefo.com\/de\/wp-json\/wp\/v2\/pages\/31156","targetHints":{"allow":["GET"]}}],"collection":[{"href":"https:\/\/mobefo.com\/de\/wp-json\/wp\/v2\/pages"}],"about":[{"href":"https:\/\/mobefo.com\/de\/wp-json\/wp\/v2\/types\/page"}],"author":[{"embeddable":true,"href":"https:\/\/mobefo.com\/de\/wp-json\/wp\/v2\/users\/1"}],"replies":[{"embeddable":true,"href":"https:\/\/mobefo.com\/de\/wp-json\/wp\/v2\/comments?post=31156"}],"version-history":[{"count":0,"href":"https:\/\/mobefo.com\/de\/wp-json\/wp\/v2\/pages\/31156\/revisions"}],"wp:attachment":[{"href":"https:\/\/mobefo.com\/de\/wp-json\/wp\/v2\/media?parent=31156"}],"curies":[{"name":"wp","href":"https:\/\/api.w.org\/{rel}","templated":true}]}}